{"id":21887,"date":"2024-10-11T09:12:38","date_gmt":"2024-10-11T07:12:38","guid":{"rendered":"https:\/\/aguilarbodega.es\/tienda\/legendary-miniatures-briefcase\/"},"modified":"2026-01-28T16:48:49","modified_gmt":"2026-01-28T15:48:49","slug":"legendary-miniatures-briefcase","status":"publish","type":"product","link":"https:\/\/aguilarbodega.es\/en\/tienda\/legendary-miniatures-briefcase\/","title":{"rendered":"LEGENDARY MINIATURES BRIEFCASE"},"content":{"rendered":"<p><\/p>\n<p class=\"MsoNormal\"><font face=\"Arial\"><font size=\"3\">Premium box Legendario is a selection of 6 different 50-milliliter miniatures of the following products:<\/font><\/font><\/p>\n<p><UL><br \/><LI class=\"MsoListParagraph\"><font face=\"Arial\"><font size=\"3\"><span>&nbsp; &nbsp; &nbsp; &nbsp;&nbsp;<\/span>Legendary Elixir of Cuba<\/font><\/font> <br \/><LI class=\"MsoListParagraph\"><font face=\"Arial\"><font size=\"3\"><span>&nbsp; &nbsp; &nbsp; &nbsp;<span>&nbsp;<\/span><\/span><span>Legendario A\u00f1ejo 9<\/span><\/font><\/font> <br \/><LI class=\"MsoListParagraph\"><font face=\"Arial\"><font size=\"3\"><span>&nbsp; &nbsp; &nbsp; &nbsp; &nbsp;<\/span><span>Legendario A\u00f1ejo Blanco<\/span><\/font><\/font> <br \/><LI class=\"MsoListParagraph\"><font face=\"Arial\"><font size=\"3\"><span>&nbsp; &nbsp; &nbsp; &nbsp;<span>&nbsp;<\/span><\/span><span>Legendary Gold<\/span><\/font><\/font> <br \/><LI class=\"MsoListParagraph\"><font face=\"Arial\"><font size=\"3\"><span>&nbsp; &nbsp; &nbsp; &nbsp;<span>&nbsp;<\/span><\/span><span>Ronss\u00e9 Legendary<\/span><\/font><\/font> <\/p>\n<li class=\"MsoListParagraph\"><font face=\"Arial\"><font size=\"3\"><span>&nbsp; &nbsp; &nbsp; &nbsp; &nbsp;<\/span><span>9550 Vodka<\/span><\/font><\/font><\/li>\n<p><\/UL><\/p>\n","protected":false},"excerpt":{"rendered":"<p>Premium box Legendario is a selection of 6 different 50-milliliter miniatures of the following products: &nbsp; &nbsp; &nbsp; &nbsp;&nbsp;Legendary Elixir of Cuba &nbsp; &nbsp; &nbsp; &nbsp;&nbsp;Legendario A\u00f1ejo 9 &nbsp; &nbsp; &nbsp; &nbsp; &nbsp;Legendario A\u00f1ejo Blanco &nbsp; &nbsp; &nbsp; &nbsp;&nbsp;Legendary Gold &nbsp; &nbsp; &nbsp; &nbsp;&nbsp;Ronss\u00e9 Legendary &nbsp; &nbsp; &nbsp; &nbsp; &nbsp;9550 Vodka<\/p>\n","protected":false},"featured_media":20890,"comment_status":"open","ping_status":"closed","template":"","meta":{"_joinchat":[]},"product_brand":[],"product_cat":[995],"product_tag":[],"class_list":{"0":"post-21887","1":"product","2":"type-product","3":"status-publish","4":"has-post-thumbnail","6":"product_cat-rones-en","8":"first","9":"instock","10":"shipping-taxable","11":"purchasable","12":"product-type-simple"},"_links":{"self":[{"href":"https:\/\/aguilarbodega.es\/en\/wp-json\/wp\/v2\/product\/21887","targetHints":{"allow":["GET"]}}],"collection":[{"href":"https:\/\/aguilarbodega.es\/en\/wp-json\/wp\/v2\/product"}],"about":[{"href":"https:\/\/aguilarbodega.es\/en\/wp-json\/wp\/v2\/types\/product"}],"replies":[{"embeddable":true,"href":"https:\/\/aguilarbodega.es\/en\/wp-json\/wp\/v2\/comments?post=21887"}],"version-history":[{"count":1,"href":"https:\/\/aguilarbodega.es\/en\/wp-json\/wp\/v2\/product\/21887\/revisions"}],"predecessor-version":[{"id":22305,"href":"https:\/\/aguilarbodega.es\/en\/wp-json\/wp\/v2\/product\/21887\/revisions\/22305"}],"wp:featuredmedia":[{"embeddable":true,"href":"https:\/\/aguilarbodega.es\/en\/wp-json\/wp\/v2\/media\/20890"}],"wp:attachment":[{"href":"https:\/\/aguilarbodega.es\/en\/wp-json\/wp\/v2\/media?parent=21887"}],"wp:term":[{"taxonomy":"product_brand","embeddable":true,"href":"https:\/\/aguilarbodega.es\/en\/wp-json\/wp\/v2\/product_brand?post=21887"},{"taxonomy":"product_cat","embeddable":true,"href":"https:\/\/aguilarbodega.es\/en\/wp-json\/wp\/v2\/product_cat?post=21887"},{"taxonomy":"product_tag","embeddable":true,"href":"https:\/\/aguilarbodega.es\/en\/wp-json\/wp\/v2\/product_tag?post=21887"}],"curies":[{"name":"wp","href":"https:\/\/api.w.org\/{rel}","templated":true}]}}