{"id":21940,"date":"2024-10-11T09:13:59","date_gmt":"2024-10-11T07:13:59","guid":{"rendered":"https:\/\/aguilarbodega.es\/tienda\/oremus-tokaj-6-puttoyios\/"},"modified":"2026-01-28T16:47:06","modified_gmt":"2026-01-28T15:47:06","slug":"oremus-tokaj-6-puttoyios","status":"publish","type":"product","link":"https:\/\/aguilarbodega.es\/en\/tienda\/oremus-tokaj-6-puttoyios\/","title":{"rendered":"OREMUS TOKAJ 6 PUTTOYIOS"},"content":{"rendered":"<p>Tokaji Oremus Asz\u00fa 6 Puttonyos originates from the prestigious vineyards of the region, declared a UNESCO World Heritage Site. In this environment, high quality grapes affected by botrytis, known as noble rot or Asz\u00fa, are meticulously harvested and selected one by one in the vineyard. The vinification process of Tokaji Oremus Asz\u00fa 6 Puttonyos follows the centuries-old method. Six puttonyos (six 25 kg baskets of botrytized or Asz\u00fa grapes) are added to the must in a 136-liter Hungarian G\u00f6nc oak barrel. The noble berries macerate and after one or two days, when they have increased in size, they are gently pressed. Fermentation is extremely slow, extending up to two months. Subsequently, the Asz\u00fa berry essence is added and the wine is aged for two and a half years in new Hungarian oak barrels.      <\/p>\n","protected":false},"excerpt":{"rendered":"<p>Tokaji Oremus Asz\u00fa 6 Puttonyos originates from the prestigious vineyards of the region, declared a UNESCO World Heritage Site. In this environment, high quality grapes affected by botrytis, known as noble rot or Asz\u00fa, are meticulously harvested and selected one by one in the vineyard. The vinification process of Tokaji Oremus Asz\u00fa 6 Puttonyos follows [&hellip;]<\/p>\n","protected":false},"featured_media":402104,"comment_status":"open","ping_status":"closed","template":"","meta":{"_joinchat":[]},"product_brand":[],"product_cat":[1001],"product_tag":[],"class_list":{"0":"post-21940","1":"product","2":"type-product","3":"status-publish","4":"has-post-thumbnail","6":"product_cat-oils","8":"first","9":"instock","10":"shipping-taxable","11":"purchasable","12":"product-type-simple"},"_links":{"self":[{"href":"https:\/\/aguilarbodega.es\/en\/wp-json\/wp\/v2\/product\/21940","targetHints":{"allow":["GET"]}}],"collection":[{"href":"https:\/\/aguilarbodega.es\/en\/wp-json\/wp\/v2\/product"}],"about":[{"href":"https:\/\/aguilarbodega.es\/en\/wp-json\/wp\/v2\/types\/product"}],"replies":[{"embeddable":true,"href":"https:\/\/aguilarbodega.es\/en\/wp-json\/wp\/v2\/comments?post=21940"}],"version-history":[{"count":1,"href":"https:\/\/aguilarbodega.es\/en\/wp-json\/wp\/v2\/product\/21940\/revisions"}],"predecessor-version":[{"id":22355,"href":"https:\/\/aguilarbodega.es\/en\/wp-json\/wp\/v2\/product\/21940\/revisions\/22355"}],"wp:featuredmedia":[{"embeddable":true,"href":"https:\/\/aguilarbodega.es\/en\/wp-json\/wp\/v2\/media\/402104"}],"wp:attachment":[{"href":"https:\/\/aguilarbodega.es\/en\/wp-json\/wp\/v2\/media?parent=21940"}],"wp:term":[{"taxonomy":"product_brand","embeddable":true,"href":"https:\/\/aguilarbodega.es\/en\/wp-json\/wp\/v2\/product_brand?post=21940"},{"taxonomy":"product_cat","embeddable":true,"href":"https:\/\/aguilarbodega.es\/en\/wp-json\/wp\/v2\/product_cat?post=21940"},{"taxonomy":"product_tag","embeddable":true,"href":"https:\/\/aguilarbodega.es\/en\/wp-json\/wp\/v2\/product_tag?post=21940"}],"curies":[{"name":"wp","href":"https:\/\/api.w.org\/{rel}","templated":true}]}}