{"id":323573,"date":"2025-10-18T14:23:42","date_gmt":"2025-10-18T12:23:42","guid":{"rendered":"https:\/\/aguilarbodega.es\/tienda\/o-luar-do-sil-godello-2\/"},"modified":"2026-05-15T20:03:03","modified_gmt":"2026-05-15T18:03:03","slug":"o-luar-do-sil-godello-2","status":"publish","type":"product","link":"https:\/\/aguilarbodega.es\/en\/tienda\/o-luar-do-sil-godello-2\/","title":{"rendered":"O LUAR DO SIL GODELLO"},"content":{"rendered":"<p><P><SPAN>Fragante, vivo y honesto,<\/SPAN><STRONG><SPAN>&nbsp;<\/SPAN>O Luar Do Sil Godello 2023<\/STRONG><SPAN><SPAN>&nbsp;<\/SPAN>es un monovarietal pleno de frescura que destaca por su gran expresi\u00f3n varietal. Con aromas a fruta de hueso y maracuy\u00e1, notas vegetales c\u00edtricas y ecos bals\u00e1micos, este blanco atl\u00e1ntico ejemplifica la mineralidad varietal del godello y la filosof\u00eda con la que trabaja Pago de los Capellanes en Valdeorras.&nbsp;<\/SPAN><\/P><br \/><P><SPAN>Toda la informacion apoetada por la bodega en: <A href=\"https:\/\/elabel.scantrust.com\/default\/#\/?uid=e0987b00-64d3-4247-bc89-32a6dfa686a2&amp;api_key=eyJjYW1wYWlnbl9pZCI6MzEyMDF9%3A1uo266%3AGXjbCPKXI_UGG7tLBcVN0doCBlUJRt2X6HdZ5zH44ng&amp;qr=F00fDV7ggqi8\">https:\/\/elabel.scantrust.com\/default\/#\/?uid=e0987b00-64d3-4247-bc89-32a6dfa686a2&amp;api_key=eyJjYW1wYWlnbl9pZCI6MzEyMDF9%3A1uo266%3AGXjbCPKXI_UGG7tLBcVN0doCBlUJRt2X6HdZ5zH44ng&amp;qr=F00fDV7ggqi8<\/A><\/SPAN><\/P><\/p>\n","protected":false},"excerpt":{"rendered":"<p>Fragante, vivo y honesto,&nbsp;O Luar Do Sil Godello 2023&nbsp;es un monovarietal pleno de frescura que destaca por su gran expresi\u00f3n varietal. Con aromas a fruta de hueso y maracuy\u00e1, notas vegetales c\u00edtricas y ecos bals\u00e1micos, este blanco atl\u00e1ntico ejemplifica la mineralidad varietal del godello y la filosof\u00eda con la que trabaja Pago de los Capellanes [&hellip;]<\/p>\n","protected":false},"featured_media":323571,"comment_status":"open","ping_status":"closed","template":"","meta":{"_joinchat":[]},"product_brand":[],"product_cat":[984],"product_tag":[],"class_list":{"0":"post-323573","1":"product","2":"type-product","3":"status-publish","4":"has-post-thumbnail","6":"product_cat-whites","8":"first","9":"instock","10":"shipping-taxable","11":"purchasable","12":"product-type-simple"},"_links":{"self":[{"href":"https:\/\/aguilarbodega.es\/en\/wp-json\/wp\/v2\/product\/323573","targetHints":{"allow":["GET"]}}],"collection":[{"href":"https:\/\/aguilarbodega.es\/en\/wp-json\/wp\/v2\/product"}],"about":[{"href":"https:\/\/aguilarbodega.es\/en\/wp-json\/wp\/v2\/types\/product"}],"replies":[{"embeddable":true,"href":"https:\/\/aguilarbodega.es\/en\/wp-json\/wp\/v2\/comments?post=323573"}],"version-history":[{"count":4,"href":"https:\/\/aguilarbodega.es\/en\/wp-json\/wp\/v2\/product\/323573\/revisions"}],"predecessor-version":[{"id":372954,"href":"https:\/\/aguilarbodega.es\/en\/wp-json\/wp\/v2\/product\/323573\/revisions\/372954"}],"wp:featuredmedia":[{"embeddable":true,"href":"https:\/\/aguilarbodega.es\/en\/wp-json\/wp\/v2\/media\/323571"}],"wp:attachment":[{"href":"https:\/\/aguilarbodega.es\/en\/wp-json\/wp\/v2\/media?parent=323573"}],"wp:term":[{"taxonomy":"product_brand","embeddable":true,"href":"https:\/\/aguilarbodega.es\/en\/wp-json\/wp\/v2\/product_brand?post=323573"},{"taxonomy":"product_cat","embeddable":true,"href":"https:\/\/aguilarbodega.es\/en\/wp-json\/wp\/v2\/product_cat?post=323573"},{"taxonomy":"product_tag","embeddable":true,"href":"https:\/\/aguilarbodega.es\/en\/wp-json\/wp\/v2\/product_tag?post=323573"}],"curies":[{"name":"wp","href":"https:\/\/api.w.org\/{rel}","templated":true}]}}